{"id":44,"date":"2014-02-11T09:41:35","date_gmt":"2014-02-11T09:41:35","guid":{"rendered":"http:\/\/pungi-starplast.ro\/?page_id=44"},"modified":"2014-03-03T12:53:53","modified_gmt":"2014-03-03T12:53:53","slug":"despre-noi","status":"publish","type":"page","link":"https:\/\/www.pungi-starplast.ro\/hu\/despre-noi\/","title":{"rendered":"(Rom\u00e2n\u0103) Pungi cu fermoar"},"content":{"rendered":"<p class=\"qtranxs-available-languages-message qtranxs-available-languages-message-hu\">Sajnos ennek a bejegyz\u00e9snek csak <a href=\"https:\/\/www.pungi-starplast.ro\/ro\/wp-json\/wp\/v2\/pages\/44\" class=\"qtranxs-available-language-link qtranxs-available-language-link-ro\" title=\"Rom\u00e2n\u0103\">Rom\u00e2n\u0103<\/a> \u00e9s <a href=\"https:\/\/www.pungi-starplast.ro\/en\/wp-json\/wp\/v2\/pages\/44\" class=\"qtranxs-available-language-link qtranxs-available-language-link-en\" title=\"English\">English<\/a> nyelv\u0171 v\u00e1ltozata van.<\/p>","protected":false},"excerpt":{"rendered":"<p>Sajnos ennek a bejegyz\u00e9snek csak Rom\u00e2n\u0103 \u00e9s English nyelv\u0171 v\u00e1ltozata van.<\/p>\n","protected":false},"author":1,"featured_media":113,"parent":0,"menu_order":0,"comment_status":"closed","ping_status":"open","template":"","meta":{"footnotes":""},"class_list":["post-44","page","type-page","status-publish","has-post-thumbnail","hentry"],"_links":{"self":[{"href":"https:\/\/www.pungi-starplast.ro\/hu\/wp-json\/wp\/v2\/pages\/44","targetHints":{"allow":["GET"]}}],"collection":[{"href":"https:\/\/www.pungi-starplast.ro\/hu\/wp-json\/wp\/v2\/pages"}],"about":[{"href":"https:\/\/www.pungi-starplast.ro\/hu\/wp-json\/wp\/v2\/types\/page"}],"author":[{"embeddable":true,"href":"https:\/\/www.pungi-starplast.ro\/hu\/wp-json\/wp\/v2\/users\/1"}],"replies":[{"embeddable":true,"href":"https:\/\/www.pungi-starplast.ro\/hu\/wp-json\/wp\/v2\/comments?post=44"}],"version-history":[{"count":29,"href":"https:\/\/www.pungi-starplast.ro\/hu\/wp-json\/wp\/v2\/pages\/44\/revisions"}],"predecessor-version":[{"id":180,"href":"https:\/\/www.pungi-starplast.ro\/hu\/wp-json\/wp\/v2\/pages\/44\/revisions\/180"}],"wp:featuredmedia":[{"embeddable":true,"href":"https:\/\/www.pungi-starplast.ro\/hu\/wp-json\/wp\/v2\/media\/113"}],"wp:attachment":[{"href":"https:\/\/www.pungi-starplast.ro\/hu\/wp-json\/wp\/v2\/media?parent=44"}],"curies":[{"name":"wp","href":"https:\/\/api.w.org\/{rel}","templated":true}]}}