{"id":191,"date":"2019-04-17T10:59:17","date_gmt":"2019-04-17T10:59:17","guid":{"rendered":"http:\/\/www.pungi-starplast.ro\/?page_id=191"},"modified":"2019-04-17T11:07:12","modified_gmt":"2019-04-17T11:07:12","slug":"politica-privind-fisierele-cookies","status":"publish","type":"page","link":"https:\/\/www.pungi-starplast.ro\/hu\/politica-privind-fisierele-cookies\/","title":{"rendered":"(Rom\u00e2n\u0103) Politic\u0103 privind fi\u0219ierele cookies"},"content":{"rendered":"<p class=\"qtranxs-available-languages-message qtranxs-available-languages-message-hu\">Sajnos ennek a bejegyz\u00e9snek csak <a href=\"https:\/\/www.pungi-starplast.ro\/ro\/wp-json\/wp\/v2\/pages\/191\" class=\"qtranxs-available-language-link qtranxs-available-language-link-ro\" title=\"Rom\u00e2n\u0103\">Rom\u00e2n\u0103<\/a> nyelv\u0171 v\u00e1ltozata van.<\/p>","protected":false},"excerpt":{"rendered":"<p>Sajnos ennek a bejegyz\u00e9snek csak Rom\u00e2n\u0103 nyelv\u0171 v\u00e1ltozata van.<\/p>\n","protected":false},"author":1,"featured_media":0,"parent":0,"menu_order":0,"comment_status":"closed","ping_status":"open","template":"","meta":{"footnotes":""},"class_list":["post-191","page","type-page","status-publish","hentry"],"_links":{"self":[{"href":"https:\/\/www.pungi-starplast.ro\/hu\/wp-json\/wp\/v2\/pages\/191","targetHints":{"allow":["GET"]}}],"collection":[{"href":"https:\/\/www.pungi-starplast.ro\/hu\/wp-json\/wp\/v2\/pages"}],"about":[{"href":"https:\/\/www.pungi-starplast.ro\/hu\/wp-json\/wp\/v2\/types\/page"}],"author":[{"embeddable":true,"href":"https:\/\/www.pungi-starplast.ro\/hu\/wp-json\/wp\/v2\/users\/1"}],"replies":[{"embeddable":true,"href":"https:\/\/www.pungi-starplast.ro\/hu\/wp-json\/wp\/v2\/comments?post=191"}],"version-history":[{"count":4,"href":"https:\/\/www.pungi-starplast.ro\/hu\/wp-json\/wp\/v2\/pages\/191\/revisions"}],"predecessor-version":[{"id":200,"href":"https:\/\/www.pungi-starplast.ro\/hu\/wp-json\/wp\/v2\/pages\/191\/revisions\/200"}],"wp:attachment":[{"href":"https:\/\/www.pungi-starplast.ro\/hu\/wp-json\/wp\/v2\/media?parent=191"}],"curies":[{"name":"wp","href":"https:\/\/api.w.org\/{rel}","templated":true}]}}