{"id":194,"date":"2019-04-17T10:58:46","date_gmt":"2019-04-17T10:58:46","guid":{"rendered":"http:\/\/www.pungi-starplast.ro\/?page_id=194"},"modified":"2019-04-17T11:08:43","modified_gmt":"2019-04-17T11:08:43","slug":"politica-de-confidentialitate","status":"publish","type":"page","link":"https:\/\/www.pungi-starplast.ro\/en\/politica-de-confidentialitate\/","title":{"rendered":"(Rom\u00e2n\u0103) Politic\u0103 de confiden\u021bialitate"},"content":{"rendered":"<p class=\"qtranxs-available-languages-message qtranxs-available-languages-message-en\">Sorry, this entry is only available in <a href=\"https:\/\/www.pungi-starplast.ro\/ro\/wp-json\/wp\/v2\/pages\/194\" class=\"qtranxs-available-language-link qtranxs-available-language-link-ro\" title=\"Rom\u00e2n\u0103\">Rom\u00e2n\u0103<\/a>.<\/p>","protected":false},"excerpt":{"rendered":"<p>Sorry, this entry is only available in Rom\u00e2n\u0103.<\/p>\n","protected":false},"author":1,"featured_media":0,"parent":0,"menu_order":0,"comment_status":"closed","ping_status":"open","template":"","meta":{"footnotes":""},"class_list":["post-194","page","type-page","status-publish","hentry"],"_links":{"self":[{"href":"https:\/\/www.pungi-starplast.ro\/en\/wp-json\/wp\/v2\/pages\/194","targetHints":{"allow":["GET"]}}],"collection":[{"href":"https:\/\/www.pungi-starplast.ro\/en\/wp-json\/wp\/v2\/pages"}],"about":[{"href":"https:\/\/www.pungi-starplast.ro\/en\/wp-json\/wp\/v2\/types\/page"}],"author":[{"embeddable":true,"href":"https:\/\/www.pungi-starplast.ro\/en\/wp-json\/wp\/v2\/users\/1"}],"replies":[{"embeddable":true,"href":"https:\/\/www.pungi-starplast.ro\/en\/wp-json\/wp\/v2\/comments?post=194"}],"version-history":[{"count":5,"href":"https:\/\/www.pungi-starplast.ro\/en\/wp-json\/wp\/v2\/pages\/194\/revisions"}],"predecessor-version":[{"id":203,"href":"https:\/\/www.pungi-starplast.ro\/en\/wp-json\/wp\/v2\/pages\/194\/revisions\/203"}],"wp:attachment":[{"href":"https:\/\/www.pungi-starplast.ro\/en\/wp-json\/wp\/v2\/media?parent=194"}],"curies":[{"name":"wp","href":"https:\/\/api.w.org\/{rel}","templated":true}]}}